{"id":266,"date":"2023-07-20T22:20:24","date_gmt":"2023-07-20T22:20:24","guid":{"rendered":"https:\/\/sferasoft.com\/?page_id=266"},"modified":"2023-09-06T00:25:59","modified_gmt":"2023-09-06T00:25:59","slug":"compania","status":"publish","type":"page","link":"https:\/\/sferasoft.com\/en\/compania\/","title":{"rendered":"Company"},"content":{"rendered":"<div data-elementor-type=\"wp-page\" data-elementor-id=\"266\" class=\"elementor elementor-266\">\n\t\t\t\t\t\t\t\t\t<section class=\"elementor-section elementor-top-section elementor-element elementor-element-7a68097 elementor-section-boxed elementor-section-height-default elementor-section-height-default\" data-id=\"7a68097\" data-element_type=\"section\" data-settings=\"{&quot;background_background&quot;:&quot;classic&quot;}\">\n\t\t\t\t\t\t\t<div class=\"elementor-background-overlay\"><\/div>\n\t\t\t\t\t\t\t<div class=\"elementor-container elementor-column-gap-default\">\n\t\t\t\t\t<div class=\"elementor-column elementor-col-100 elementor-top-column elementor-element elementor-element-f0c4b7b\" data-id=\"f0c4b7b\" data-element_type=\"column\">\n\t\t\t<div class=\"elementor-widget-wrap elementor-element-populated\">\n\t\t\t\t\t\t\t\t<div class=\"elementor-element elementor-element-ed4bdac elementor-widget elementor-widget-heading\" data-id=\"ed4bdac\" data-element_type=\"widget\" data-widget_type=\"heading.default\">\n\t\t\t\t<div class=\"elementor-widget-container\">\n\t\t\t<style>\/*! elementor - v3.14.0 - 26-06-2023 *\/\n.elementor-heading-title{padding:0;margin:0;line-height:1}.elementor-widget-heading .elementor-heading-title[class*=elementor-size-]>a{color:inherit;font-size:inherit;line-height:inherit}.elementor-widget-heading .elementor-heading-title.elementor-size-small{font-size:15px}.elementor-widget-heading .elementor-heading-title.elementor-size-medium{font-size:19px}.elementor-widget-heading .elementor-heading-title.elementor-size-large{font-size:29px}.elementor-widget-heading .elementor-heading-title.elementor-size-xl{font-size:39px}.elementor-widget-heading .elementor-heading-title.elementor-size-xxl{font-size:59px}<\/style><h2 class=\"elementor-heading-title elementor-size-xxl\">Company<\/h2>\t\t<\/div>\n\t\t\t\t<\/div>\n\t\t\t\t\t<\/div>\n\t\t<\/div>\n\t\t\t\t\t\t\t<\/div>\n\t\t<\/section>\n\t\t\t\t<section class=\"elementor-section elementor-top-section elementor-element elementor-element-1dd247a elementor-hidden-desktop elementor-hidden-tablet elementor-hidden-mobile elementor-section-boxed elementor-section-height-default elementor-section-height-default\" data-id=\"1dd247a\" data-element_type=\"section\">\n\t\t\t\t\t\t<div class=\"elementor-container elementor-column-gap-default\">\n\t\t\t\t\t<div class=\"elementor-column elementor-col-100 elementor-top-column elementor-element elementor-element-9d1bb7b\" data-id=\"9d1bb7b\" data-element_type=\"column\">\n\t\t\t<div class=\"elementor-widget-wrap elementor-element-populated\">\n\t\t\t\t\t\t\t\t<div class=\"elementor-element elementor-element-58a853b elementor-widget elementor-widget-heading\" data-id=\"58a853b\" data-element_type=\"widget\" data-widget_type=\"heading.default\">\n\t\t\t\t<div class=\"elementor-widget-container\">\n\t\t\t<h2 class=\"elementor-heading-title elementor-size-large\">Dadas las condiciones de competitividad que enfrentan las empresas a nivel mundial, el uso de soluciones tecnol\u00f3gicas esta cada vez m\u00e1s presente en las estrategias de competitividad y crecimiento..<\/h2>\t\t<\/div>\n\t\t\t\t<\/div>\n\t\t\t\t<div class=\"elementor-element elementor-element-78253b7 elementor-widget elementor-widget-heading\" data-id=\"78253b7\" data-element_type=\"widget\" data-widget_type=\"heading.default\">\n\t\t\t\t<div class=\"elementor-widget-container\">\n\t\t\t<h2 class=\"elementor-heading-title elementor-size-large translation-block\"><strong>Sfera Software<\/strong> is a company with more than <strong>20 years of experience<\/strong> generating <strong>technological solutions<\/strong> to the needs of operation and administration of the companies to be more efficient in the flow of information between all the areas that integrate it.<\/h2>\t\t<\/div>\n\t\t\t\t<\/div>\n\t\t\t\t<div class=\"elementor-element elementor-element-9850a57 elementor-widget elementor-widget-heading\" data-id=\"9850a57\" data-element_type=\"widget\" data-widget_type=\"heading.default\">\n\t\t\t\t<div class=\"elementor-widget-container\">\n\t\t\t<h2 class=\"elementor-heading-title elementor-size-large\">Nuestra oficina principal se encuentra ubicada en la ciudad de Monterrey, N.L. , M\u00e9xico<\/h2>\t\t<\/div>\n\t\t\t\t<\/div>\n\t\t\t\t\t<\/div>\n\t\t<\/div>\n\t\t\t\t\t\t\t<\/div>\n\t\t<\/section>\n\t\t\t\t<section class=\"elementor-section elementor-top-section elementor-element elementor-element-50c6913 elementor-section-boxed elementor-section-height-default elementor-section-height-default\" data-id=\"50c6913\" data-element_type=\"section\" data-settings=\"{&quot;background_background&quot;:&quot;classic&quot;}\">\n\t\t\t\t\t\t<div class=\"elementor-container elementor-column-gap-default\">\n\t\t\t\t\t<div class=\"elementor-column elementor-col-100 elementor-top-column elementor-element elementor-element-1b70cc5\" data-id=\"1b70cc5\" data-element_type=\"column\">\n\t\t\t<div class=\"elementor-widget-wrap elementor-element-populated\">\n\t\t\t\t\t\t\t\t<div class=\"elementor-element elementor-element-2b6a712 elementor-widget elementor-widget-text-editor\" data-id=\"2b6a712\" data-element_type=\"widget\" data-widget_type=\"text-editor.default\">\n\t\t\t\t<div class=\"elementor-widget-container\">\n\t\t\t<style>\/*! elementor - v3.14.0 - 26-06-2023 *\/\n.elementor-widget-text-editor.elementor-drop-cap-view-stacked .elementor-drop-cap{background-color:#69727d;color:#fff}.elementor-widget-text-editor.elementor-drop-cap-view-framed .elementor-drop-cap{color:#69727d;border:3px solid;background-color:transparent}.elementor-widget-text-editor:not(.elementor-drop-cap-view-default) .elementor-drop-cap{margin-top:8px}.elementor-widget-text-editor:not(.elementor-drop-cap-view-default) .elementor-drop-cap-letter{width:1em;height:1em}.elementor-widget-text-editor .elementor-drop-cap{float:left;text-align:center;line-height:1;font-size:50px}.elementor-widget-text-editor .elementor-drop-cap-letter{display:inline-block}<\/style>\t\t\t\t<p class=\" translation-block\"><strong>Sfera Software<\/strong> is a company with more than <strong>20 years of experience<\/strong> generating <strong>technological solutions<\/strong> to the needs of operation and administration of the companies to be more efficient in the flow of information between all the areas that integrate it.<\/p>\t\t\t\t\t\t<\/div>\n\t\t\t\t<\/div>\n\t\t\t\t\t<\/div>\n\t\t<\/div>\n\t\t\t\t\t\t\t<\/div>\n\t\t<\/section>\n\t\t\t\t<section class=\"elementor-section elementor-top-section elementor-element elementor-element-7ffc4c7 elementor-hidden-desktop elementor-hidden-tablet elementor-hidden-mobile elementor-section-boxed elementor-section-height-default elementor-section-height-default\" data-id=\"7ffc4c7\" data-element_type=\"section\" data-settings=\"{&quot;background_background&quot;:&quot;classic&quot;}\">\n\t\t\t\t\t\t<div class=\"elementor-container elementor-column-gap-default\">\n\t\t\t\t\t<div class=\"elementor-column elementor-col-100 elementor-top-column elementor-element elementor-element-376e2f1\" data-id=\"376e2f1\" data-element_type=\"column\">\n\t\t\t<div class=\"elementor-widget-wrap elementor-element-populated\">\n\t\t\t\t\t\t\t\t<div class=\"elementor-element elementor-element-a1e899d elementor-widget elementor-widget-heading\" data-id=\"a1e899d\" data-element_type=\"widget\" data-widget_type=\"heading.default\">\n\t\t\t\t<div class=\"elementor-widget-container\">\n\t\t\t<h2 class=\"elementor-heading-title elementor-size-xl\">Metas<\/h2>\t\t<\/div>\n\t\t\t\t<\/div>\n\t\t\t\t\t<\/div>\n\t\t<\/div>\n\t\t\t\t\t\t\t<\/div>\n\t\t<\/section>\n\t\t\t\t<section class=\"elementor-section elementor-top-section elementor-element elementor-element-cdbd0cd elementor-hidden-desktop elementor-hidden-tablet elementor-hidden-mobile elementor-section-boxed elementor-section-height-default elementor-section-height-default\" data-id=\"cdbd0cd\" data-element_type=\"section\">\n\t\t\t\t\t\t<div class=\"elementor-container elementor-column-gap-default\">\n\t\t\t\t\t<div class=\"elementor-column elementor-col-100 elementor-top-column elementor-element elementor-element-335310f\" data-id=\"335310f\" data-element_type=\"column\">\n\t\t\t<div class=\"elementor-widget-wrap elementor-element-populated\">\n\t\t\t\t\t\t\t\t<div class=\"elementor-element elementor-element-5d4c5d4 elementor-widget elementor-widget-text-editor\" data-id=\"5d4c5d4\" data-element_type=\"widget\" data-widget_type=\"text-editor.default\">\n\t\t\t\t<div class=\"elementor-widget-container\">\n\t\t\t\t\t\t\t<ul><li>Nuestra meta es la entera satisfacci\u00f3n de nuestros clientes a trav\u00e9s de la generaci\u00f3n de soluciones y servicios de calidad.<\/li><\/ul>\t\t\t\t\t\t<\/div>\n\t\t\t\t<\/div>\n\t\t\t\t\t<\/div>\n\t\t<\/div>\n\t\t\t\t\t\t\t<\/div>\n\t\t<\/section>\n\t\t\t\t<section class=\"elementor-section elementor-top-section elementor-element elementor-element-366db21 elementor-hidden-desktop elementor-hidden-tablet elementor-hidden-mobile elementor-section-boxed elementor-section-height-default elementor-section-height-default\" data-id=\"366db21\" data-element_type=\"section\" data-settings=\"{&quot;background_background&quot;:&quot;classic&quot;}\">\n\t\t\t\t\t\t<div class=\"elementor-container elementor-column-gap-default\">\n\t\t\t\t\t<div class=\"elementor-column elementor-col-100 elementor-top-column elementor-element elementor-element-0e2f0de\" data-id=\"0e2f0de\" data-element_type=\"column\">\n\t\t\t<div class=\"elementor-widget-wrap elementor-element-populated\">\n\t\t\t\t\t\t\t\t<div class=\"elementor-element elementor-element-326b681 elementor-widget elementor-widget-heading\" data-id=\"326b681\" data-element_type=\"widget\" data-widget_type=\"heading.default\">\n\t\t\t\t<div class=\"elementor-widget-container\">\n\t\t\t<h2 class=\"elementor-heading-title elementor-size-xl\">Visi\u00f3n<\/h2>\t\t<\/div>\n\t\t\t\t<\/div>\n\t\t\t\t\t<\/div>\n\t\t<\/div>\n\t\t\t\t\t\t\t<\/div>\n\t\t<\/section>\n\t\t\t\t<section class=\"elementor-section elementor-top-section elementor-element elementor-element-4b6effd elementor-hidden-desktop elementor-hidden-tablet elementor-hidden-mobile elementor-section-boxed elementor-section-height-default elementor-section-height-default\" data-id=\"4b6effd\" data-element_type=\"section\">\n\t\t\t\t\t\t<div class=\"elementor-container elementor-column-gap-default\">\n\t\t\t\t\t<div class=\"elementor-column elementor-col-100 elementor-top-column elementor-element elementor-element-f60314c\" data-id=\"f60314c\" data-element_type=\"column\">\n\t\t\t<div class=\"elementor-widget-wrap elementor-element-populated\">\n\t\t\t\t\t\t\t\t<div class=\"elementor-element elementor-element-f89f828 elementor-widget elementor-widget-text-editor\" data-id=\"f89f828\" data-element_type=\"widget\" data-widget_type=\"text-editor.default\">\n\t\t\t\t<div class=\"elementor-widget-container\">\n\t\t\t\t\t\t\t<ul><li>Lograr la preferencia de las empresas sobre nuestras soluciones y servicios, a trav\u00e9s del claro entendimiento de sus procesos, el desarrollo e innovaci\u00f3n constante de nuestras soluciones, la total sensibilidad hacia las necesidades del cliente en el dise\u00f1o de nuestros procesos y sistemas de trabajo y la adecuaci\u00f3n de nuestros servicios seg\u00fan las necesidades de nuestros clientes.<\/li><li>Todo esto tiene sustento en nuestro personal , que dentro de un marco de valores , act\u00faa siempre con un enfoque de rentabilidad, una conciencia plena de servicio y se encuentra siempre motivado y en permanente preparaci\u00f3n.<\/li><\/ul>\t\t\t\t\t\t<\/div>\n\t\t\t\t<\/div>\n\t\t\t\t\t<\/div>\n\t\t<\/div>\n\t\t\t\t\t\t\t<\/div>\n\t\t<\/section>\n\t\t\t\t<section class=\"elementor-section elementor-top-section elementor-element elementor-element-58b06dd elementor-section-full_width elementor-section-height-default elementor-section-height-default\" data-id=\"58b06dd\" data-element_type=\"section\">\n\t\t\t\t\t\t<div class=\"elementor-container elementor-column-gap-default\">\n\t\t\t\t\t<div class=\"elementor-column elementor-col-50 elementor-top-column elementor-element elementor-element-e5714f4\" data-id=\"e5714f4\" data-element_type=\"column\" data-settings=\"{&quot;background_background&quot;:&quot;classic&quot;}\">\n\t\t\t<div class=\"elementor-widget-wrap\">\n\t\t\t\t\t\t\t\t\t<\/div>\n\t\t<\/div>\n\t\t\t\t<div class=\"elementor-column elementor-col-50 elementor-top-column elementor-element elementor-element-2c981d4\" data-id=\"2c981d4\" data-element_type=\"column\">\n\t\t\t<div class=\"elementor-widget-wrap elementor-element-populated\">\n\t\t\t\t\t\t\t\t<div class=\"elementor-element elementor-element-5b14b0b elementor-widget elementor-widget-image\" data-id=\"5b14b0b\" data-element_type=\"widget\" data-widget_type=\"image.default\">\n\t\t\t\t<div class=\"elementor-widget-container\">\n\t\t\t<style>\/*! elementor - v3.14.0 - 26-06-2023 *\/\n.elementor-widget-image{text-align:center}.elementor-widget-image a{display:inline-block}.elementor-widget-image a img[src$=\".svg\"]{width:48px}.elementor-widget-image img{vertical-align:middle;display:inline-block}<\/style>\t\t\t\t\t\t\t\t\t\t\t\t<img loading=\"lazy\" decoding=\"async\" width=\"1366\" height=\"768\" src=\"https:\/\/sferasoft.com\/wp-content\/uploads\/2023\/10\/Diseno-sin-titulo-3.png\" class=\"attachment-full size-full wp-image-728\" alt=\"\" srcset=\"https:\/\/sferasoft.com\/wp-content\/uploads\/2023\/10\/Diseno-sin-titulo-3.png 1366w, https:\/\/sferasoft.com\/wp-content\/uploads\/2023\/10\/Diseno-sin-titulo-3-300x169.png 300w, https:\/\/sferasoft.com\/wp-content\/uploads\/2023\/10\/Diseno-sin-titulo-3-1024x576.png 1024w, https:\/\/sferasoft.com\/wp-content\/uploads\/2023\/10\/Diseno-sin-titulo-3-768x432.png 768w, https:\/\/sferasoft.com\/wp-content\/uploads\/2023\/10\/Diseno-sin-titulo-3-18x10.png 18w\" sizes=\"auto, (max-width: 1366px) 100vw, 1366px\" \/>\t\t\t\t\t\t\t\t\t\t\t\t\t\t\t<\/div>\n\t\t\t\t<\/div>\n\t\t\t\t<div class=\"elementor-element elementor-element-0c8f8a6 elementor-widget elementor-widget-image\" data-id=\"0c8f8a6\" data-element_type=\"widget\" data-widget_type=\"image.default\">\n\t\t\t\t<div class=\"elementor-widget-container\">\n\t\t\t\t\t\t\t\t\t\t\t\t\t\t\t<img loading=\"lazy\" decoding=\"async\" width=\"1366\" height=\"768\" src=\"https:\/\/sferasoft.com\/wp-content\/uploads\/2023\/10\/Diseno-sin-titulo-4.png\" class=\"attachment-full size-full wp-image-729\" alt=\"\" srcset=\"https:\/\/sferasoft.com\/wp-content\/uploads\/2023\/10\/Diseno-sin-titulo-4.png 1366w, https:\/\/sferasoft.com\/wp-content\/uploads\/2023\/10\/Diseno-sin-titulo-4-300x169.png 300w, https:\/\/sferasoft.com\/wp-content\/uploads\/2023\/10\/Diseno-sin-titulo-4-1024x576.png 1024w, https:\/\/sferasoft.com\/wp-content\/uploads\/2023\/10\/Diseno-sin-titulo-4-768x432.png 768w, https:\/\/sferasoft.com\/wp-content\/uploads\/2023\/10\/Diseno-sin-titulo-4-18x10.png 18w\" sizes=\"auto, (max-width: 1366px) 100vw, 1366px\" \/>\t\t\t\t\t\t\t\t\t\t\t\t\t\t\t<\/div>\n\t\t\t\t<\/div>\n\t\t\t\t\t<\/div>\n\t\t<\/div>\n\t\t\t\t\t\t\t<\/div>\n\t\t<\/section>\n\t\t\t\t\t\t\t<\/div>","protected":false},"excerpt":{"rendered":"<p>Compa\u00f1\u00eda Dadas las condiciones de competitividad que enfrentan las empresas a nivel mundial, el uso de soluciones tecnol\u00f3gicas esta cada vez m\u00e1s presente en las estrategias de competitividad y crecimiento.. Sfera Software es una empresa con m\u00e1s de 20 a\u00f1os de experiencia generando soluciones tecnol\u00f3gicas a las necesidades de operaci\u00f3n y administraci\u00f3n de las empresas [&hellip;]<\/p>","protected":false},"author":2,"featured_media":0,"parent":0,"menu_order":0,"comment_status":"closed","ping_status":"closed","template":"","meta":{"site-sidebar-layout":"no-sidebar","site-content-layout":"page-builder","ast-site-content-layout":"","site-content-style":"default","site-sidebar-style":"default","ast-global-header-display":"","ast-banner-title-visibility":"","ast-main-header-display":"","ast-hfb-above-header-display":"","ast-hfb-below-header-display":"","ast-hfb-mobile-header-display":"","site-post-title":"disabled","ast-breadcrumbs-content":"","ast-featured-img":"disabled","footer-sml-layout":"","theme-transparent-header-meta":"","adv-header-id-meta":"","stick-header-meta":"","header-above-stick-meta":"","header-main-stick-meta":"","header-below-stick-meta":"","astra-migrate-meta-layouts":"default","ast-page-background-enabled":"default","ast-page-background-meta":{"desktop":{"background-color":"var(--ast-global-color-4)","background-image":"","background-repeat":"repeat","background-position":"center center","background-size":"auto","background-attachment":"scroll","background-type":"","background-media":"","overlay-type":"","overlay-color":"","overlay-gradient":""},"tablet":{"background-color":"","background-image":"","background-repeat":"repeat","background-position":"center center","background-size":"auto","background-attachment":"scroll","background-type":"","background-media":"","overlay-type":"","overlay-color":"","overlay-gradient":""},"mobile":{"background-color":"","background-image":"","background-repeat":"repeat","background-position":"center center","background-size":"auto","background-attachment":"scroll","background-type":"","background-media":"","overlay-type":"","overlay-color":"","overlay-gradient":""}},"ast-content-background-meta":{"desktop":{"background-color":"var(--ast-global-color-5)","background-image":"","background-repeat":"repeat","background-position":"center center","background-size":"auto","background-attachment":"scroll","background-type":"","background-media":"","overlay-type":"","overlay-color":"","overlay-gradient":""},"tablet":{"background-color":"var(--ast-global-color-5)","background-image":"","background-repeat":"repeat","background-position":"center center","background-size":"auto","background-attachment":"scroll","background-type":"","background-media":"","overlay-type":"","overlay-color":"","overlay-gradient":""},"mobile":{"background-color":"var(--ast-global-color-5)","background-image":"","background-repeat":"repeat","background-position":"center center","background-size":"auto","background-attachment":"scroll","background-type":"","background-media":"","overlay-type":"","overlay-color":"","overlay-gradient":""}},"footnotes":""},"class_list":["post-266","page","type-page","status-publish","hentry"],"yoast_head":"<!-- This site is optimized with the Yoast SEO plugin v22.4 - https:\/\/yoast.com\/wordpress\/plugins\/seo\/ -->\r\n<title>Compa\u00f1\u00eda - Sferasoft<\/title>\r\n<meta name=\"robots\" content=\"index, follow, max-snippet:-1, max-image-preview:large, max-video-preview:-1\" \/>\r\n<link rel=\"canonical\" href=\"https:\/\/sferasoft.com\/en\/compania\/\" \/>\r\n<meta property=\"og:locale\" content=\"en_US\" \/>\r\n<meta property=\"og:type\" content=\"article\" \/>\r\n<meta property=\"og:title\" content=\"Compa\u00f1\u00eda - Sferasoft\" \/>\r\n<meta property=\"og:description\" content=\"Compa\u00f1\u00eda Dadas las condiciones de competitividad que enfrentan las empresas a nivel mundial, el uso de soluciones tecnol\u00f3gicas esta cada vez m\u00e1s presente en las estrategias de competitividad y crecimiento.. Sfera Software es una empresa con m\u00e1s de 20 a\u00f1os de experiencia generando soluciones tecnol\u00f3gicas a las necesidades de operaci\u00f3n y administraci\u00f3n de las empresas [&hellip;]\" \/>\r\n<meta property=\"og:url\" content=\"https:\/\/sferasoft.com\/en\/compania\/\" \/>\r\n<meta property=\"og:site_name\" content=\"Sferasoft\" \/>\r\n<meta property=\"article:modified_time\" content=\"2023-09-06T00:25:59+00:00\" \/>\r\n<meta property=\"og:image\" content=\"https:\/\/sferasoft.com\/wp-content\/uploads\/2023\/09\/Mision.png\" \/>\r\n<meta name=\"twitter:card\" content=\"summary_large_image\" \/>\r\n<meta name=\"twitter:label1\" content=\"Est. reading time\" \/>\n\t<meta name=\"twitter:data1\" content=\"2 minutes\" \/>\r\n<script type=\"application\/ld+json\" class=\"yoast-schema-graph\">{\"@context\":\"https:\/\/schema.org\",\"@graph\":[{\"@type\":\"WebPage\",\"@id\":\"https:\/\/sferasoft.com\/en\/compania\/\",\"url\":\"https:\/\/sferasoft.com\/en\/compania\/\",\"name\":\"Compa\u00f1\u00eda - Sferasoft\",\"isPartOf\":{\"@id\":\"https:\/\/sferasoft.com\/es\/#website\"},\"primaryImageOfPage\":{\"@id\":\"https:\/\/sferasoft.com\/en\/compania\/#primaryimage\"},\"image\":{\"@id\":\"https:\/\/sferasoft.com\/en\/compania\/#primaryimage\"},\"thumbnailUrl\":\"https:\/\/sferasoft.com\/wp-content\/uploads\/2023\/09\/Mision.png\",\"datePublished\":\"2023-07-20T22:20:24+00:00\",\"dateModified\":\"2023-09-06T00:25:59+00:00\",\"breadcrumb\":{\"@id\":\"https:\/\/sferasoft.com\/en\/compania\/#breadcrumb\"},\"inLanguage\":\"en-US\",\"potentialAction\":[{\"@type\":\"ReadAction\",\"target\":[\"https:\/\/sferasoft.com\/en\/compania\/\"]}]},{\"@type\":\"ImageObject\",\"inLanguage\":\"en-US\",\"@id\":\"https:\/\/sferasoft.com\/en\/compania\/#primaryimage\",\"url\":\"https:\/\/sferasoft.com\/wp-content\/uploads\/2023\/09\/Mision.png\",\"contentUrl\":\"https:\/\/sferasoft.com\/wp-content\/uploads\/2023\/09\/Mision.png\"},{\"@type\":\"BreadcrumbList\",\"@id\":\"https:\/\/sferasoft.com\/en\/compania\/#breadcrumb\",\"itemListElement\":[{\"@type\":\"ListItem\",\"position\":1,\"name\":\"Home\",\"item\":\"https:\/\/sferasoft.com\/\"},{\"@type\":\"ListItem\",\"position\":2,\"name\":\"Compa\u00f1\u00eda\"}]},{\"@type\":\"WebSite\",\"@id\":\"https:\/\/sferasoft.com\/es\/#website\",\"url\":\"https:\/\/sferasoft.com\/es\/\",\"name\":\"Sferasoft\",\"description\":\"\",\"publisher\":{\"@id\":\"https:\/\/sferasoft.com\/es\/#organization\"},\"potentialAction\":[{\"@type\":\"SearchAction\",\"target\":{\"@type\":\"EntryPoint\",\"urlTemplate\":\"https:\/\/sferasoft.com\/es\/?s={search_term_string}\"},\"query-input\":\"required name=search_term_string\"}],\"inLanguage\":\"en-US\"},{\"@type\":\"Organization\",\"@id\":\"https:\/\/sferasoft.com\/es\/#organization\",\"name\":\"Sferasoft\",\"url\":\"https:\/\/sferasoft.com\/es\/\",\"logo\":{\"@type\":\"ImageObject\",\"inLanguage\":\"en-US\",\"@id\":\"https:\/\/sferasoft.com\/es\/#\/schema\/logo\/image\/\",\"url\":\"https:\/\/sferasoft.com\/wp-content\/uploads\/2023\/07\/cropped-Logos.Sfera_.V_TBco.png\",\"contentUrl\":\"https:\/\/sferasoft.com\/wp-content\/uploads\/2023\/07\/cropped-Logos.Sfera_.V_TBco.png\",\"width\":3298,\"height\":1100,\"caption\":\"Sferasoft\"},\"image\":{\"@id\":\"https:\/\/sferasoft.com\/es\/#\/schema\/logo\/image\/\"}}]}<\/script>\r\n<!-- \/ Yoast SEO plugin. -->","yoast_head_json":{"title":"Compa\u00f1\u00eda - Sferasoft","robots":{"index":"index","follow":"follow","max-snippet":"max-snippet:-1","max-image-preview":"max-image-preview:large","max-video-preview":"max-video-preview:-1"},"canonical":"https:\/\/sferasoft.com\/en\/compania\/","og_locale":"en_US","og_type":"article","og_title":"Compa\u00f1\u00eda - Sferasoft","og_description":"Compa\u00f1\u00eda Dadas las condiciones de competitividad que enfrentan las empresas a nivel mundial, el uso de soluciones tecnol\u00f3gicas esta cada vez m\u00e1s presente en las estrategias de competitividad y crecimiento.. Sfera Software es una empresa con m\u00e1s de 20 a\u00f1os de experiencia generando soluciones tecnol\u00f3gicas a las necesidades de operaci\u00f3n y administraci\u00f3n de las empresas [&hellip;]","og_url":"https:\/\/sferasoft.com\/en\/compania\/","og_site_name":"Sferasoft","article_modified_time":"2023-09-06T00:25:59+00:00","og_image":[{"url":"https:\/\/sferasoft.com\/wp-content\/uploads\/2023\/09\/Mision.png"}],"twitter_card":"summary_large_image","twitter_misc":{"Est. reading time":"2 minutes"},"schema":{"@context":"https:\/\/schema.org","@graph":[{"@type":"WebPage","@id":"https:\/\/sferasoft.com\/en\/compania\/","url":"https:\/\/sferasoft.com\/en\/compania\/","name":"Compa\u00f1\u00eda - Sferasoft","isPartOf":{"@id":"https:\/\/sferasoft.com\/es\/#website"},"primaryImageOfPage":{"@id":"https:\/\/sferasoft.com\/en\/compania\/#primaryimage"},"image":{"@id":"https:\/\/sferasoft.com\/en\/compania\/#primaryimage"},"thumbnailUrl":"https:\/\/sferasoft.com\/wp-content\/uploads\/2023\/09\/Mision.png","datePublished":"2023-07-20T22:20:24+00:00","dateModified":"2023-09-06T00:25:59+00:00","breadcrumb":{"@id":"https:\/\/sferasoft.com\/en\/compania\/#breadcrumb"},"inLanguage":"en-US","potentialAction":[{"@type":"ReadAction","target":["https:\/\/sferasoft.com\/en\/compania\/"]}]},{"@type":"ImageObject","inLanguage":"en-US","@id":"https:\/\/sferasoft.com\/en\/compania\/#primaryimage","url":"https:\/\/sferasoft.com\/wp-content\/uploads\/2023\/09\/Mision.png","contentUrl":"https:\/\/sferasoft.com\/wp-content\/uploads\/2023\/09\/Mision.png"},{"@type":"BreadcrumbList","@id":"https:\/\/sferasoft.com\/en\/compania\/#breadcrumb","itemListElement":[{"@type":"ListItem","position":1,"name":"Home","item":"https:\/\/sferasoft.com\/"},{"@type":"ListItem","position":2,"name":"Compa\u00f1\u00eda"}]},{"@type":"WebSite","@id":"https:\/\/sferasoft.com\/es\/#website","url":"https:\/\/sferasoft.com\/es\/","name":"Sferasoft","description":"","publisher":{"@id":"https:\/\/sferasoft.com\/es\/#organization"},"potentialAction":[{"@type":"SearchAction","target":{"@type":"EntryPoint","urlTemplate":"https:\/\/sferasoft.com\/es\/?s={search_term_string}"},"query-input":"required name=search_term_string"}],"inLanguage":"en-US"},{"@type":"Organization","@id":"https:\/\/sferasoft.com\/es\/#organization","name":"Sferasoft","url":"https:\/\/sferasoft.com\/es\/","logo":{"@type":"ImageObject","inLanguage":"en-US","@id":"https:\/\/sferasoft.com\/es\/#\/schema\/logo\/image\/","url":"https:\/\/sferasoft.com\/wp-content\/uploads\/2023\/07\/cropped-Logos.Sfera_.V_TBco.png","contentUrl":"https:\/\/sferasoft.com\/wp-content\/uploads\/2023\/07\/cropped-Logos.Sfera_.V_TBco.png","width":3298,"height":1100,"caption":"Sferasoft"},"image":{"@id":"https:\/\/sferasoft.com\/es\/#\/schema\/logo\/image\/"}}]}},"_links":{"self":[{"href":"https:\/\/sferasoft.com\/en\/wp-json\/wp\/v2\/pages\/266","targetHints":{"allow":["GET"]}}],"collection":[{"href":"https:\/\/sferasoft.com\/en\/wp-json\/wp\/v2\/pages"}],"about":[{"href":"https:\/\/sferasoft.com\/en\/wp-json\/wp\/v2\/types\/page"}],"author":[{"embeddable":true,"href":"https:\/\/sferasoft.com\/en\/wp-json\/wp\/v2\/users\/2"}],"replies":[{"embeddable":true,"href":"https:\/\/sferasoft.com\/en\/wp-json\/wp\/v2\/comments?post=266"}],"version-history":[{"count":20,"href":"https:\/\/sferasoft.com\/en\/wp-json\/wp\/v2\/pages\/266\/revisions"}],"predecessor-version":[{"id":735,"href":"https:\/\/sferasoft.com\/en\/wp-json\/wp\/v2\/pages\/266\/revisions\/735"}],"wp:attachment":[{"href":"https:\/\/sferasoft.com\/en\/wp-json\/wp\/v2\/media?parent=266"}],"curies":[{"name":"wp","href":"https:\/\/api.w.org\/{rel}","templated":true}]}}